{"id":53,"date":"2017-03-25T21:54:08","date_gmt":"2017-03-25T20:54:08","guid":{"rendered":"http:\/\/fuzzylogic.pl\/?page_id=53"},"modified":"2018-02-21T18:07:30","modified_gmt":"2018-02-21T17:07:30","slug":"uslugi","status":"publish","type":"page","link":"https:\/\/fuzzylogic.pl\/index.php\/uslugi\/","title":{"rendered":"Us\u0142ugi"},"content":{"rendered":"<h1>FuzzyLogic Sp. z o. o. dostarcza nast\u0119puj\u0105ce us\u0142ugi:<\/h1>\n<ul>\n<li><span style=\"color: #df532a;\"><strong>Wdro\u017cenie system\u00f3w bezpiecze\u0144stwa IT<\/strong><\/span>\n<ul>\n<li>Oferujemy pe\u0142en zakres us\u0142ug zwi\u0105zanych z implementacj\u0105 rozwi\u0105za\u0144 bezpiecze\u0144stwa IT, pocz\u0105wszy od analizy biznesowej przed wdro\u017ceniem, pomocy przy projekcie technicznym, implementacji, rozwoju oraz utrzymaniu system\u00f3w takich jak:\n<ul>\n<li>Systemy zapobiegaj\u0105ce wyciekowi informacji (DLP)<\/li>\n<li>IPS\/Firewall<\/li>\n<li>SIEM<\/li>\n<li>Anty malware (Antywirus, anty APT, Sandbox)<\/li>\n<\/ul>\n<\/li>\n<\/ul>\n<\/li>\n<\/ul>\n<p>Nasi pracownicy posiadaj\u0105 wieloletnie do\u015bwiadczenie zwi\u0105zane z produktami takich firm jak Symantec (w tym rozwi\u0105zania BlueCoat), FireEye, SourceFire, Juniper, Cisco, PaloAlto, Imperva i inne.<\/p>\n<p><img loading=\"lazy\" decoding=\"async\" class=\"alignnone wp-image-75 size-full\" src=\"https:\/\/fuzzylogic.pl\/wp-content\/uploads\/2017\/03\/Symantec-e1490477679591.png\" width=\"150\" height=\"66\" \/>\u00a0<img loading=\"lazy\" decoding=\"async\" class=\"alignnone wp-image-80 size-full\" src=\"https:\/\/fuzzylogic.pl\/wp-content\/uploads\/2017\/03\/Impoerva-e1490478463500.png\" width=\"150\" height=\"37\" \/> <img loading=\"lazy\" decoding=\"async\" class=\"alignnone wp-image-63 size-full\" src=\"https:\/\/fuzzylogic.pl\/wp-content\/uploads\/2017\/03\/FireEye_Inc._logo.svg_-e1490476736800.png\" width=\"150\" height=\"44\" \/><img loading=\"lazy\" decoding=\"async\" class=\"alignnone wp-image-81 size-full\" src=\"https:\/\/fuzzylogic.pl\/wp-content\/uploads\/2017\/03\/Juniper-e1490478111938.png\" width=\"150\" height=\"45\" \/><img loading=\"lazy\" decoding=\"async\" class=\"alignnone wp-image-65 size-full\" src=\"https:\/\/fuzzylogic.pl\/wp-content\/uploads\/2017\/03\/palo-alto-logo-e1490476721464.png\" width=\"150\" height=\"34\" \/>\u00a0\u00a0\u00a0\u00a0<img loading=\"lazy\" decoding=\"async\" class=\"alignnone wp-image-66 size-full\" src=\"https:\/\/fuzzylogic.pl\/wp-content\/uploads\/2017\/03\/Cisco_logo.svg_-e1490476713432.png\" width=\"150\" height=\"79\" \/> \u00a0\u00a0<img loading=\"lazy\" decoding=\"async\" class=\"alignnone wp-image-82 size-full\" src=\"https:\/\/fuzzylogic.pl\/wp-content\/uploads\/2017\/03\/CiscoSourcefire-e1490478157626.jpg\" width=\"150\" height=\"132\" \/><\/p>\n<p>Dostarczamy rozwi\u0105zania przygotowane zar\u00f3wno dla ma\u0142ych firm posiadaj\u0105cych ograniczone zasoby, jak r\u00f3wnie\u017c korporacji wymagaj\u0105cych skomplikowanych\u00a0integracji.<\/p>\n<ul>\n<li><span style=\"color: #df532a;\"><strong>Audyty i doradztwo<\/strong><\/span>\n<ul>\n<li>Wspieramy firmy przy audytach i przegl\u0105dach nowo tworzonych oraz ju\u017c wykorzystywanych system\u00f3w, dostarczaj\u0105c pomocy przy optymalizacji konfiguracji, analizie i rozwi\u0105zaniu problem\u00f3w.<\/li>\n<\/ul>\n<\/li>\n<\/ul>\n<ul>\n<li><span style=\"color: #df532a;\"><strong>Analiza Malware<\/strong><\/span>\n<ul>\n<li>Oferujemy zaawansowan\u0105 analiz\u0119 malware dla klient\u00f3w, kt\u00f3rzy napotkali problemy z tzw. Advanced Persistent Threat.<\/li>\n<\/ul>\n<\/li>\n<\/ul>\n<ul>\n<li><span style=\"color: #df532a;\"><strong>Testy Penetracyjne<\/strong><\/span>\n<ul>\n<li>Wykonujemy zaawansowane testy penetracyjne stron Web, dostarczaj\u0105c raporty zawieraj\u0105ce zweryfikowane podatno\u015bci, pokazuj\u0105c jednocze\u015bnie realne zagro\u017cenia w postaci dzia\u0142aj\u0105cych przyk\u0142ad\u00f3w.<\/li>\n<\/ul>\n<\/li>\n<\/ul>\n<ul>\n<li><span style=\"color: #df532a;\"><strong>Szkolenia<\/strong><\/span>\n<ul>\n<li>Wykonujemy szkolenia dla firm w ka\u017cdym z powy\u017cszych aspekt\u00f3w i rozwi\u0105za\u0144.<\/li>\n<\/ul>\n<\/li>\n<\/ul>\n","protected":false},"excerpt":{"rendered":"<p>FuzzyLogic Sp. z o. o. dostarcza nast\u0119puj\u0105ce us\u0142ugi: Wdro\u017cenie system\u00f3w bezpiecze\u0144stwa IT Oferujemy pe\u0142en zakres us\u0142ug zwi\u0105zanych z implementacj\u0105 rozwi\u0105za\u0144 bezpiecze\u0144stwa IT, pocz\u0105wszy od analizy biznesowej przed wdro\u017ceniem, pomocy przy projekcie technicznym, implementacji, rozwoju oraz utrzymaniu system\u00f3w takich jak: Systemy zapobiegaj\u0105ce wyciekowi informacji (DLP) IPS\/Firewall SIEM Anty malware (Antywirus, anty APT, Sandbox) Nasi pracownicy posiadaj\u0105 &hellip; <\/p>\n<p class=\"link-more\"><a href=\"https:\/\/fuzzylogic.pl\/index.php\/uslugi\/\" class=\"more-link\">Czytaj dalej<span class=\"screen-reader-text\"> \u201eUs\u0142ugi\u201d<\/span><\/a><\/p>\n","protected":false},"author":1,"featured_media":0,"parent":0,"menu_order":0,"comment_status":"closed","ping_status":"closed","template":"","meta":{"footnotes":""},"class_list":["post-53","page","type-page","status-publish","hentry"],"_links":{"self":[{"href":"https:\/\/fuzzylogic.pl\/index.php\/wp-json\/wp\/v2\/pages\/53","targetHints":{"allow":["GET"]}}],"collection":[{"href":"https:\/\/fuzzylogic.pl\/index.php\/wp-json\/wp\/v2\/pages"}],"about":[{"href":"https:\/\/fuzzylogic.pl\/index.php\/wp-json\/wp\/v2\/types\/page"}],"author":[{"embeddable":true,"href":"https:\/\/fuzzylogic.pl\/index.php\/wp-json\/wp\/v2\/users\/1"}],"replies":[{"embeddable":true,"href":"https:\/\/fuzzylogic.pl\/index.php\/wp-json\/wp\/v2\/comments?post=53"}],"version-history":[{"count":20,"href":"https:\/\/fuzzylogic.pl\/index.php\/wp-json\/wp\/v2\/pages\/53\/revisions"}],"predecessor-version":[{"id":107,"href":"https:\/\/fuzzylogic.pl\/index.php\/wp-json\/wp\/v2\/pages\/53\/revisions\/107"}],"wp:attachment":[{"href":"https:\/\/fuzzylogic.pl\/index.php\/wp-json\/wp\/v2\/media?parent=53"}],"curies":[{"name":"wp","href":"https:\/\/api.w.org\/{rel}","templated":true}]}}