{"id":7,"date":"2017-03-25T19:15:53","date_gmt":"2017-03-25T18:15:53","guid":{"rendered":"http:\/\/fuzzylogic.pl\/?page_id=7"},"modified":"2018-02-21T18:07:16","modified_gmt":"2018-02-21T17:07:16","slug":"strona-glowna","status":"publish","type":"page","link":"https:\/\/fuzzylogic.pl\/","title":{"rendered":"Strona g\u0142\u00f3wna"},"content":{"rendered":"<p>Skomplikowanie wsp\u00f3\u0142czesnych \u015brodowisk teleinformatycznych wymaga nowego podej\u015bcia do ich obs\u0142ugi w ci\u0105gle zmieniaj\u0105cych si\u0119 warunkach. Najwa\u017cniejszym celem FuzzyLogic Sp. z o. o. jest usprawnienie Pa\u0144stwa \u015brodowiska IT w taki spos\u00f3b, aby pracuj\u0105ce w nim systemy w\u0142a\u015bciwie spe\u0142nia\u0142y swoj\u0105 rol\u0119, czyli budowa\u0142y warto\u015b\u0107, a nie generowa\u0142y koszty.<\/p>\n","protected":false},"excerpt":{"rendered":"<p>Skomplikowanie wsp\u00f3\u0142czesnych \u015brodowisk teleinformatycznych wymaga nowego podej\u015bcia do ich obs\u0142ugi w ci\u0105gle zmieniaj\u0105cych si\u0119 warunkach. Najwa\u017cniejszym celem FuzzyLogic Sp. z o. o. jest usprawnienie Pa\u0144stwa \u015brodowiska IT w taki spos\u00f3b, aby pracuj\u0105ce w nim systemy w\u0142a\u015bciwie spe\u0142nia\u0142y swoj\u0105 rol\u0119, czyli budowa\u0142y warto\u015b\u0107, a nie generowa\u0142y koszty.<\/p>\n","protected":false},"author":1,"featured_media":0,"parent":0,"menu_order":0,"comment_status":"closed","ping_status":"closed","template":"","meta":{"footnotes":""},"class_list":["post-7","page","type-page","status-publish","hentry"],"_links":{"self":[{"href":"https:\/\/fuzzylogic.pl\/index.php\/wp-json\/wp\/v2\/pages\/7","targetHints":{"allow":["GET"]}}],"collection":[{"href":"https:\/\/fuzzylogic.pl\/index.php\/wp-json\/wp\/v2\/pages"}],"about":[{"href":"https:\/\/fuzzylogic.pl\/index.php\/wp-json\/wp\/v2\/types\/page"}],"author":[{"embeddable":true,"href":"https:\/\/fuzzylogic.pl\/index.php\/wp-json\/wp\/v2\/users\/1"}],"replies":[{"embeddable":true,"href":"https:\/\/fuzzylogic.pl\/index.php\/wp-json\/wp\/v2\/comments?post=7"}],"version-history":[{"count":5,"href":"https:\/\/fuzzylogic.pl\/index.php\/wp-json\/wp\/v2\/pages\/7\/revisions"}],"predecessor-version":[{"id":106,"href":"https:\/\/fuzzylogic.pl\/index.php\/wp-json\/wp\/v2\/pages\/7\/revisions\/106"}],"wp:attachment":[{"href":"https:\/\/fuzzylogic.pl\/index.php\/wp-json\/wp\/v2\/media?parent=7"}],"curies":[{"name":"wp","href":"https:\/\/api.w.org\/{rel}","templated":true}]}}