{"id":9,"date":"2017-03-25T19:15:53","date_gmt":"2017-03-25T18:15:53","guid":{"rendered":"http:\/\/fuzzylogic.pl\/?page_id=9"},"modified":"2025-06-18T10:03:29","modified_gmt":"2025-06-18T08:03:29","slug":"kontakt","status":"publish","type":"page","link":"https:\/\/fuzzylogic.pl\/index.php\/kontakt\/","title":{"rendered":"Kontakt"},"content":{"rendered":"<p><img loading=\"lazy\" decoding=\"async\" class=\"alignnone wp-image-100 size-medium\" src=\"http:\/\/fuzzylogic.pl\/wp-content\/uploads\/2017\/03\/FuzzyLogic_2Colors_Logo-300x118.png\" alt=\"\" width=\"300\" height=\"118\" srcset=\"https:\/\/fuzzylogic.pl\/wp-content\/uploads\/2017\/03\/FuzzyLogic_2Colors_Logo-300x118.png 300w, https:\/\/fuzzylogic.pl\/wp-content\/uploads\/2017\/03\/FuzzyLogic_2Colors_Logo-768x301.png 768w, https:\/\/fuzzylogic.pl\/wp-content\/uploads\/2017\/03\/FuzzyLogic_2Colors_Logo-1024x402.png 1024w, https:\/\/fuzzylogic.pl\/wp-content\/uploads\/2017\/03\/FuzzyLogic_2Colors_Logo.png 1920w\" sizes=\"auto, (max-width: 300px) 100vw, 300px\" \/><br \/>\nUl. Kr\u00f3lewska 23\/25<br \/>\n00-064 Warszawa<br \/>\nE-mail: o&#102;&#x66;&#x69;&#x63;e&#64;&#x66;&#x75;&#x7a;z&#121;&#x6c;&#x6f;&#x67;i&#99;&#x2e;&#x70;&#x6c;<\/p>\n<p style=\"text-align: justify;\">FuzzyLogic Sp. z o. o. jest wpisana do Krajowego Rejestru S\u0105dowego \u2013 Rejestr Przedsi\u0119biorc\u00f3w w S\u0105dzie Rejonowym dla m. st. Warszawy w Warszawie, XIII Wydzia\u0142 Gospodarczy Krajowego Rejestru S\u0105dowego pod Nr KRS 0000666664.<br \/>\nNIP: 952-215-92-30.<br \/>\nREGON: 36670893600000.<\/p>\n","protected":false},"excerpt":{"rendered":"<p>Ul. Kr\u00f3lewska 23\/25 00-064 Warszawa E-mail: &#x6f;f&#x66;&#105;&#x63;&#101;&#64;&#x66;&#117;&#x7a;&#122;y&#x6c;&#111;&#x67;&#105;c&#x2e;p&#x6c; FuzzyLogic Sp. z o. o. jest wpisana do Krajowego Rejestru S\u0105dowego \u2013 Rejestr Przedsi\u0119biorc\u00f3w w S\u0105dzie Rejonowym dla m. st. Warszawy w Warszawie, XIII Wydzia\u0142 Gospodarczy Krajowego Rejestru S\u0105dowego pod Nr KRS 0000666664. NIP: 952-215-92-30. REGON: 36670893600000.<\/p>\n","protected":false},"author":1,"featured_media":0,"parent":0,"menu_order":0,"comment_status":"closed","ping_status":"closed","template":"","meta":{"footnotes":""},"class_list":["post-9","page","type-page","status-publish","hentry"],"_links":{"self":[{"href":"https:\/\/fuzzylogic.pl\/index.php\/wp-json\/wp\/v2\/pages\/9","targetHints":{"allow":["GET"]}}],"collection":[{"href":"https:\/\/fuzzylogic.pl\/index.php\/wp-json\/wp\/v2\/pages"}],"about":[{"href":"https:\/\/fuzzylogic.pl\/index.php\/wp-json\/wp\/v2\/types\/page"}],"author":[{"embeddable":true,"href":"https:\/\/fuzzylogic.pl\/index.php\/wp-json\/wp\/v2\/users\/1"}],"replies":[{"embeddable":true,"href":"https:\/\/fuzzylogic.pl\/index.php\/wp-json\/wp\/v2\/comments?post=9"}],"version-history":[{"count":7,"href":"https:\/\/fuzzylogic.pl\/index.php\/wp-json\/wp\/v2\/pages\/9\/revisions"}],"predecessor-version":[{"id":112,"href":"https:\/\/fuzzylogic.pl\/index.php\/wp-json\/wp\/v2\/pages\/9\/revisions\/112"}],"wp:attachment":[{"href":"https:\/\/fuzzylogic.pl\/index.php\/wp-json\/wp\/v2\/media?parent=9"}],"curies":[{"name":"wp","href":"https:\/\/api.w.org\/{rel}","templated":true}]}}